{"id":51,"date":"2023-03-24T21:56:54","date_gmt":"2023-03-25T03:56:54","guid":{"rendered":"http:\/\/acofop.org\/redcompa\/wordpress\/?page_id=51"},"modified":"2023-11-04T09:13:29","modified_gmt":"2023-11-04T15:13:29","slug":"inicio-2-2","status":"publish","type":"page","link":"https:\/\/acofop.org\/inicio-2-2\/","title":{"rendered":"Inicio copia"},"content":{"rendered":"<style>\/*! elementor - v3.15.0 - 20-08-2023 *\/<br \/>\n.elementor-heading-title{padding:0;margin:0;line-height:1}.elementor-widget-heading .elementor-heading-title[class*=elementor-size-]>a{color:inherit;font-size:inherit;line-height:inherit}.elementor-widget-heading .elementor-heading-title.elementor-size-small{font-size:15px}.elementor-widget-heading .elementor-heading-title.elementor-size-medium{font-size:19px}.elementor-widget-heading .elementor-heading-title.elementor-size-large{font-size:29px}.elementor-widget-heading .elementor-heading-title.elementor-size-xl{font-size:39px}.elementor-widget-heading .elementor-heading-title.elementor-size-xxl{font-size:59px}<\/style>\n<h1>En armon\u00eda con el Verde&#8230;.<\/h1>\n<p>Somos una asociaci\u00f3n de base comunitaria, conformada por 24 organizaciones campesinas e ind\u00edgenas, que mediante el manejo forestal comunitario, se garantiza la perpetuidad de los bosques naturales de la Zona de Uso M\u00faltiple y algunas \u00e1reas de la Zona de Amortiguamiento de la Reserva de la Biosfera Maya, al norte de Guatemala.<\/p>\n","protected":false},"excerpt":{"rendered":"<p>En armon\u00eda con el Verde&#8230;. Somos una asociaci\u00f3n de base comunitaria, conformada por 24 organizaciones campesinas e ind\u00edgenas, que mediante el manejo forestal comunitario, se garantiza la perpetuidad de los bosques naturales de la Zona de Uso M\u00faltiple y algunas \u00e1reas de la Zona de Amortiguamiento de la Reserva de la Biosfera Maya, al norte [&hellip;]<\/p>\n","protected":false},"author":1,"featured_media":0,"parent":0,"menu_order":0,"comment_status":"closed","ping_status":"closed","template":"","meta":{"_et_pb_use_builder":"on","_et_pb_old_content":"<!-- wp:navigation {\"ref\":57} \/-->\n\n<!-- wp:image {\"id\":13,\"sizeSlug\":\"full\",\"linkDestination\":\"none\"} -->\n<figure class=\"wp-block-image size-full\"><img src=\"http:\/\/acofop.org\/wp-content\/uploads\/2022\/12\/foto-bosque-soon.jpg\" alt=\"\" class=\"wp-image-13\"\/><\/figure>\n<!-- \/wp:image -->\n\n<!-- wp:paragraph -->\n<p>Somos Bosques<\/p>\n<!-- \/wp:paragraph -->","_et_gb_content_width":"","footnotes":""},"class_list":["post-51","page","type-page","status-publish","hentry"],"_links":{"self":[{"href":"https:\/\/acofop.org\/wp-json\/wp\/v2\/pages\/51","targetHints":{"allow":["GET"]}}],"collection":[{"href":"https:\/\/acofop.org\/wp-json\/wp\/v2\/pages"}],"about":[{"href":"https:\/\/acofop.org\/wp-json\/wp\/v2\/types\/page"}],"author":[{"embeddable":true,"href":"https:\/\/acofop.org\/wp-json\/wp\/v2\/users\/1"}],"replies":[{"embeddable":true,"href":"https:\/\/acofop.org\/wp-json\/wp\/v2\/comments?post=51"}],"version-history":[{"count":94,"href":"https:\/\/acofop.org\/wp-json\/wp\/v2\/pages\/51\/revisions"}],"predecessor-version":[{"id":835,"href":"https:\/\/acofop.org\/wp-json\/wp\/v2\/pages\/51\/revisions\/835"}],"wp:attachment":[{"href":"https:\/\/acofop.org\/wp-json\/wp\/v2\/media?parent=51"}],"curies":[{"name":"wp","href":"https:\/\/api.w.org\/{rel}","templated":true}]}}